{"id":3686,"date":"2024-05-17T07:56:15","date_gmt":"2024-05-17T06:56:15","guid":{"rendered":"https:\/\/ionis.si\/datenschutzerklaerung\/"},"modified":"2025-01-24T12:46:08","modified_gmt":"2025-01-24T11:46:08","slug":"datenschutzerklaerung","status":"publish","type":"page","link":"https:\/\/ionis.si\/de\/datenschutzerklaerung\/","title":{"rendered":"Datenschutzerkl\u00e4rung"},"content":{"rendered":"&#13;\n<h2 class=\"wp-block-heading\">\u00a0<\/h2>&#13;\n<h2 class=\"wp-block-heading\">Was ist eine Datenschutzrichtlinie?<\/h2>&#13;\n&#13;\n<p>Zweck der Datenschutzrichtlinie ist es, die Nutzer der Website ionis.si \u00fcber den Zweck und die Grundlage der Verarbeitung personenbezogener Daten durch das Unternehmen Ionis d.o.o. zu informieren.<\/p>&#13;\n<p>Bei Ionis d.o.o. sch\u00e4tzen wir Ihre Privatsph\u00e4re, deshalb sch\u00fctzen wir Ihre Daten sorgf\u00e4ltig.<\/p>&#13;\n<p>Diese Datenschutzrichtlinie kann jederzeit ohne vorherige Ank\u00fcndigung oder Benachrichtigung ge\u00e4ndert oder erg\u00e4nzt werden. Durch die Nutzung der Website des Anbieters nach \u00c4nderungen oder Erg\u00e4nzungen best\u00e4tigt die Person, dass sie mit den \u00c4nderungen und Erg\u00e4nzungen einverstanden ist.<\/p>&#13;\n<p>Durch die Nutzung der Website best\u00e4tigt der Benutzer, dass er mit dem gesamten Inhalt dieser Datenschutzrichtlinie einverstanden ist, sofern f\u00fcr einzelne F\u00e4lle keine zus\u00e4tzlichen Zustimmungen erforderlich sind.<\/p>&#13;\n<p>Unsere Aktivit\u00e4ten entsprechen der europ\u00e4ischen Gesetzgebung (Verordnung (EU) 2016\/679 zum Schutz von Personen bei der Verarbeitung personenbezogener Daten und zum freien Datenverkehr (Allgemeine Datenschutzverordnung oder GDPR) und den \u00dcbereinkommen des Europarates (ETS Nr. 108, ETS Nr. 181, ETS Nr. 185, ETS Nr. 189)) sowie der nationalen Gesetzgebung der Republik Slowenien (Gesetz zum Schutz personenbezogener Daten (ZVOP-1, Amtsblatt der RS, Nr. 94\/07), Gesetz \u00fcber den elektronischen Handel auf dem Markt (ZEPT, Amtsblatt der RS, Nr. 96\/09 und 19\/15) usw.).<\/p>&#13;\n<p>Durch die Nutzung unserer Website stimmen Sie den ver\u00f6ffentlichten Regeln zu. \u00dcber \u00c4nderungen der Bedingungen und Regeln werden wir Sie regelm\u00e4\u00dfig auf unserer Seite informieren.<\/p>&#13;\n<p>\u00a0<\/p>&#13;\n&#13;\n<h2 class=\"wp-block-heading\">Welche Daten speichern wir?<\/h2>&#13;\n&#13;\n<p>Daten \u00fcber Besucher und ihre Interaktionen auf der Website ionis.si \u2013 die Daten werden gem\u00e4\u00df der Cookie-Einstellungsrichtlinie und den Sicherheitsstandards von Websites gespeichert.<\/p>&#13;\n<p>\u00a0<\/p>&#13;\n&#13;\n<h2 class=\"wp-block-heading\">Vertragliche Datenverarbeitung<\/h2>&#13;\n&#13;\n<p>Bestimmte Aufgaben mit anonymisierten Daten der Website k\u00f6nnen an Dritte (Vertragsverarbeiter) \u00fcbertragen werden, im Einklang mit dem Zweck der Gew\u00e4hrleistung der Sicherheit und Weiterentwicklung der Website ionis.si.<\/p>&#13;\n<p>\u00a0<\/p>&#13;\n&#13;\n<h2 class=\"wp-block-heading\">Was sind Cookies?<\/h2>&#13;\n&#13;\n<p>Cookies sind kleine Textdateien, die von den von Ihnen besuchten Websites auf Ihrem Computer oder mobilen Ger\u00e4t gespeichert werden. Die Aufgaben von Cookies sind vielf\u00e4ltig. Cookies helfen der Website, Ihre Einstellungen zu speichern, z.B. Sprache, Schriftgr\u00f6\u00dfe und andere Einstellungen, die Sie auf Ihrem Computer f\u00fcr die Anzeige unserer Website festgelegt haben, damit Sie diese bei einem erneuten Besuch nicht jedes Mal neu einstellen m\u00fcssen. Auf diese Weise k\u00f6nnen Websites Ihre Pr\u00e4ferenzen speichern, die Information, dass Sie bereits an der Umfrage der Website teilgenommen haben, oder einfach die Tatsache, dass Sie bereits auf der Website eingeloggt sind.<\/p>&#13;\n<p>Einige Cookies sind f\u00fcr den Betrieb der Website erforderlich (z.B. Anmelde-Cookies, Einkaufswagen-Cookies), w\u00e4hrend andere (nicht zwingend) dazu dienen, die Benutzererfahrung zu verbessern (z.B. Speicherung von Benutzereinstellungen). Einige werden auch verwendet, um Besuche auf der Website zu verfolgen, was dem Website-Betreiber hilft, die Seite und die Benutzererfahrung kontinuierlich zu verbessern. Einige Cookies erm\u00f6glichen es, Benutzer \u00fcber mehrere Websites hinweg zu verfolgen.<\/p>&#13;\n<p>Weitere Informationen zu Cookies erhalten Sie auf der Website des Informationsbeauftragten unter www.ip-rs.si.<\/p>&#13;\n<p>\u00a0<\/p>&#13;\n&#13;\n<h2 class=\"wp-block-heading\">Welche Cookies verwenden wir?<\/h2>&#13;\n&#13;\n<p><strong class=\"privacy-policy-tutorial\">Die Website wird auf der Serverinfrastruktur eines Vertragsh\u00e4ndlers mit Sitz in Slowenien gehostet.<\/strong><\/p>&#13;\n&#13;\n<p>Hier kommt die Liste der Cookies&#8230;<\/p>&#13;\n<p>\u00a0<\/p>&#13;\n<p>Sie entscheiden selbst, welche Cookies auf Ihrem Ger\u00e4t erlaubt sind. Sie k\u00f6nnen Cookies jederzeit in den Einstellungen des Browsers Ihres Ger\u00e4ts l\u00f6schen.<\/p>&#13;\n<p>F\u00fcr alle Fragen stehen wir Ihnen unter info@ionis.si zur Verf\u00fcgung.<\/p>&#13;\n","protected":false},"excerpt":{"rendered":"<p>&#13; \u00a0 &#13; Was ist eine Datenschutzrichtlinie? &#13; &#13; Zweck der Datenschutzrichtlinie ist es, die Nutzer der Website ionis.si \u00fcber den Zweck und die Grundlage der Verarbeitung personenbezogener Daten durch das Unternehmen Ionis d.o.o. zu informieren. &#13; Bei Ionis d.o.o. sch\u00e4tzen wir Ihre Privatsph\u00e4re, deshalb sch\u00fctzen wir Ihre Daten sorgf\u00e4ltig. &#13; Diese Datenschutzrichtlinie kann jederzeit [&hellip;]<\/p>\n","protected":false},"author":1,"featured_media":0,"parent":0,"menu_order":0,"comment_status":"closed","ping_status":"closed","template":"","meta":{"footnotes":""},"class_list":["post-3686","page","type-page","status-publish","hentry"],"_links":{"self":[{"href":"https:\/\/ionis.si\/de\/wp-json\/wp\/v2\/pages\/3686","targetHints":{"allow":["GET"]}}],"collection":[{"href":"https:\/\/ionis.si\/de\/wp-json\/wp\/v2\/pages"}],"about":[{"href":"https:\/\/ionis.si\/de\/wp-json\/wp\/v2\/types\/page"}],"author":[{"embeddable":true,"href":"https:\/\/ionis.si\/de\/wp-json\/wp\/v2\/users\/1"}],"replies":[{"embeddable":true,"href":"https:\/\/ionis.si\/de\/wp-json\/wp\/v2\/comments?post=3686"}],"version-history":[{"count":1,"href":"https:\/\/ionis.si\/de\/wp-json\/wp\/v2\/pages\/3686\/revisions"}],"predecessor-version":[{"id":3687,"href":"https:\/\/ionis.si\/de\/wp-json\/wp\/v2\/pages\/3686\/revisions\/3687"}],"wp:attachment":[{"href":"https:\/\/ionis.si\/de\/wp-json\/wp\/v2\/media?parent=3686"}],"curies":[{"name":"wp","href":"https:\/\/api.w.org\/{rel}","templated":true}]}}