{"id":3646,"date":"2024-05-29T07:17:49","date_gmt":"2024-05-29T06:17:49","guid":{"rendered":"https:\/\/ionis.si\/reference\/"},"modified":"2025-01-24T11:17:55","modified_gmt":"2025-01-24T10:17:55","slug":"reference","status":"publish","type":"page","link":"https:\/\/ionis.si\/hr\/reference\/","title":{"rendered":"Reference"},"content":{"rendered":"\t\t<div data-elementor-type=\"wp-page\" data-elementor-id=\"3646\" class=\"elementor elementor-3646\">\n\t\t\t\t\t\t<section class=\"elementor-section elementor-top-section elementor-element elementor-element-579b5b6 elementor-section-stretched elementor-section-full_width elementor-section-height-default elementor-section-height-default\" data-id=\"579b5b6\" data-element_type=\"section\" data-settings=\"{&quot;stretch_section&quot;:&quot;section-stretched&quot;}\">\n\t\t\t\t\t\t<div class=\"elementor-container elementor-column-gap-no\">\n\t\t\t\t\t<div class=\"elementor-column elementor-col-100 elementor-top-column elementor-element elementor-element-be9fa39\" data-id=\"be9fa39\" data-element_type=\"column\">\n\t\t\t<div class=\"elementor-widget-wrap\">\n\t\t\t\t\t\t\t<\/div>\n\t\t<\/div>\n\t\t\t\t\t<\/div>\n\t\t<\/section>\n\t\t\t\t<\/div>\n\t\t","protected":false},"excerpt":{"rendered":"<p>Ionis Smo priznan partner na podro\u010dju: AVTOMOBILSKE INDUSTRIJE: BMW Dingolfing, DE BMW M\u00fcnchen, DE AUDI Ingolstadt DE MAGNA Graz AT MERCEDES BENZ Rastatt DE MERCEDES BENZ,Kecskemet HU VW,Brussels,BE VW,Hannover,DE Porsche Stuttgart,DE LOGISTI\u010cNE INDUSTRIJE: SIEMENS CHEMIEPARK Linz, AT Flughafen, M\u00fcnchen ,DE D&#038;M Logistik K\u00f6ln,DE Mercedes-Benz Global Logistics Center,Germershein,DE PETROKEMI\u010cNE INDUSTRIJE: Bayernoil Raffinerie Neustadt ,DE LyondellBasell,Bayreuth, DE [&hellip;]<\/p>\n","protected":false},"author":1,"featured_media":0,"parent":0,"menu_order":0,"comment_status":"closed","ping_status":"closed","template":"","meta":{"footnotes":""},"class_list":["post-3646","page","type-page","status-publish","hentry"],"_links":{"self":[{"href":"https:\/\/ionis.si\/hr\/wp-json\/wp\/v2\/pages\/3646","targetHints":{"allow":["GET"]}}],"collection":[{"href":"https:\/\/ionis.si\/hr\/wp-json\/wp\/v2\/pages"}],"about":[{"href":"https:\/\/ionis.si\/hr\/wp-json\/wp\/v2\/types\/page"}],"author":[{"embeddable":true,"href":"https:\/\/ionis.si\/hr\/wp-json\/wp\/v2\/users\/1"}],"replies":[{"embeddable":true,"href":"https:\/\/ionis.si\/hr\/wp-json\/wp\/v2\/comments?post=3646"}],"version-history":[{"count":1,"href":"https:\/\/ionis.si\/hr\/wp-json\/wp\/v2\/pages\/3646\/revisions"}],"predecessor-version":[{"id":3647,"href":"https:\/\/ionis.si\/hr\/wp-json\/wp\/v2\/pages\/3646\/revisions\/3647"}],"wp:attachment":[{"href":"https:\/\/ionis.si\/hr\/wp-json\/wp\/v2\/media?parent=3646"}],"curies":[{"name":"wp","href":"https:\/\/api.w.org\/{rel}","templated":true}]}}