{"id":3648,"date":"2024-05-24T10:12:00","date_gmt":"2024-05-24T09:12:00","guid":{"rendered":"https:\/\/ionis.si\/zaposljavanje\/"},"modified":"2025-01-24T11:18:20","modified_gmt":"2025-01-24T10:18:20","slug":"zaposljavanje","status":"publish","type":"page","link":"https:\/\/ionis.si\/hr\/zaposljavanje\/","title":{"rendered":"Zapo\u0161ljavanje"},"content":{"rendered":"\t\t<div data-elementor-type=\"wp-page\" data-elementor-id=\"3648\" class=\"elementor elementor-3648\">\n\t\t\t\t\t\t<section class=\"elementor-section elementor-top-section elementor-element elementor-element-579b5b6 elementor-section-stretched elementor-section-full_width elementor-section-height-default elementor-section-height-default\" data-id=\"579b5b6\" data-element_type=\"section\" data-settings=\"{&quot;stretch_section&quot;:&quot;section-stretched&quot;}\">\n\t\t\t\t\t\t<div class=\"elementor-container elementor-column-gap-no\">\n\t\t\t\t\t<div class=\"elementor-column elementor-col-100 elementor-top-column elementor-element elementor-element-be9fa39\" data-id=\"be9fa39\" data-element_type=\"column\">\n\t\t\t<div class=\"elementor-widget-wrap\">\n\t\t\t\t\t\t\t<\/div>\n\t\t<\/div>\n\t\t\t\t\t<\/div>\n\t\t<\/section>\n\t\t<div class=\"elementor-element elementor-element-628120a e-flex e-con-boxed e-con e-parent\" data-id=\"628120a\" data-element_type=\"container\">\n\t\t\t\t\t<div class=\"e-con-inner\">\n\t\t\t\t\t<\/div>\n\t\t\t\t<\/div>\n\t\t\t\t<\/div>\n\t\t","protected":false},"excerpt":{"rendered":"<p>Prava prilo\u017enost Zaposlitev v Ionis d.o.o. V kolikor \u017eelite dolgoro\u010dno sodelovanje in ste prepoznali pravo prilo\u017enost, \u017eelite s svojimi izku\u0161njami prispevati k \u0161e u\u010dinkovitej\u0161emu delovanju podjetja, ki temelji na dobrih odnosih, kakovosti in vlaganju v nove tehnologije, vas vabimo, da nam posredujete va\u0161 kontakt na e-naslov: info@ionis.si ali izpolnite spodnji obrazec. V kratkem vas kontaktiramo. [&hellip;]<\/p>\n","protected":false},"author":1,"featured_media":0,"parent":0,"menu_order":0,"comment_status":"closed","ping_status":"closed","template":"template-contact.php","meta":{"footnotes":""},"class_list":["post-3648","page","type-page","status-publish","hentry"],"_links":{"self":[{"href":"https:\/\/ionis.si\/hr\/wp-json\/wp\/v2\/pages\/3648","targetHints":{"allow":["GET"]}}],"collection":[{"href":"https:\/\/ionis.si\/hr\/wp-json\/wp\/v2\/pages"}],"about":[{"href":"https:\/\/ionis.si\/hr\/wp-json\/wp\/v2\/types\/page"}],"author":[{"embeddable":true,"href":"https:\/\/ionis.si\/hr\/wp-json\/wp\/v2\/users\/1"}],"replies":[{"embeddable":true,"href":"https:\/\/ionis.si\/hr\/wp-json\/wp\/v2\/comments?post=3648"}],"version-history":[{"count":3,"href":"https:\/\/ionis.si\/hr\/wp-json\/wp\/v2\/pages\/3648\/revisions"}],"predecessor-version":[{"id":3651,"href":"https:\/\/ionis.si\/hr\/wp-json\/wp\/v2\/pages\/3648\/revisions\/3651"}],"wp:attachment":[{"href":"https:\/\/ionis.si\/hr\/wp-json\/wp\/v2\/media?parent=3648"}],"curies":[{"name":"wp","href":"https:\/\/api.w.org\/{rel}","templated":true}]}}